{"id":258,"date":"2018-01-22T10:17:40","date_gmt":"2018-01-22T14:17:40","guid":{"rendered":"http:\/\/distritomunicipallaguayiga.gob.do\/transparencia\/?page_id=258"},"modified":"2026-02-25T09:10:53","modified_gmt":"2026-02-25T13:10:53","slug":"responsable-de-acceso-a-la-informacion","status":"publish","type":"page","link":"https:\/\/distritomunicipallaguayiga.gob.do\/transparencia\/responsable-de-acceso-a-la-informacion\/","title":{"rendered":"Responsable de Acceso a la Informaci\u00f3n"},"content":{"rendered":"<p>El representante de Acceso a la informaci\u00f3n, es el responsable de tramitar y facilitar las informaciones requeridas y de ser el canal de comunicaci\u00f3n entre la instituci\u00f3n, ciudadanos y ciudadanas.<\/p>\n<p>El RAI es el encargado del manejo de la Oficina de Acceso a la informaci\u00f3n P\u00fablica de conformidad con el Reglamento de Aplicaci\u00f3n, creado bajo el decreto No. 130-05, de la Ley 200-04, en su art\u00edculo 9 dice: Los responsables de ACCESO A LA INFORMACI\u00d3N (RAI) ser\u00e1n personas con amplios y comprobables conocimientos sobre la estructura, organizaci\u00f3n, misi\u00f3n, funciones, actividades, procesos, documentaci\u00f3n e informaci\u00f3n general de su instituci\u00f3n, as\u00ed como sobre la legislaci\u00f3n relacionada con el derecho de acceso a la \u00a0informaci\u00f3n, y tendr\u00e1n dedicaci\u00f3n exclusiva a las tareas encomendadas por esta norma.<\/p>\n<p>La Junta del Distrito Municipal La Gu\u00e1yiga tiene designada a Yarisleydi Ort\u00edz como responsable de acceso a la informaci\u00f3n (RAI).<\/p>\n<p><strong>Contacto de RAI<\/strong><\/p>\n<p><strong>Nombre: <\/strong>Yarisleydi Ort\u00edz<\/p>\n<p><strong>N\u00famero de tel\u00e9fono: <\/strong>809-331-4434<\/p>\n<p><strong>Correo electr\u00f3nico: J<\/strong>untamunicipalaguayiga@gmail.com \/ Juntamunicipallaguayiga@gmail.com<\/p>\n<p><strong>Correo con dominio gob:<\/strong> distritomunicipallaguayiga.gob.do<\/p>\n<p><strong>Direcci\u00f3n: <\/strong>Km. 22 Autopista Duarte, Carretera Hato Nuevo No. 39, La Gu\u00e1yiga, Pedro Brand<\/p>\n<p><strong>Horario de servicio: <\/strong>De Lunes a viernes, de 8:00 am a 3:00 pm.<\/p>\n","protected":false},"excerpt":{"rendered":"El representante de Acceso a la informaci\u00f3n, es el responsable de tramitar y facilitar las informaciones requeridas y de ser el canal de comunicaci\u00f3n entre la instituci\u00f3n, ciudadanos y ciudadanas. El RAI es el encargado del manejo de la Oficina de Acceso a la informaci\u00f3n P\u00fablica de conformidad con el Reglamento de Aplicaci\u00f3n, creado bajo&#8230;","protected":false},"author":4,"featured_media":558,"parent":0,"menu_order":0,"comment_status":"closed","ping_status":"closed","template":"","meta":[],"acf":[],"_links":{"self":[{"href":"https:\/\/distritomunicipallaguayiga.gob.do\/transparencia\/wp-json\/wp\/v2\/pages\/258"}],"collection":[{"href":"https:\/\/distritomunicipallaguayiga.gob.do\/transparencia\/wp-json\/wp\/v2\/pages"}],"about":[{"href":"https:\/\/distritomunicipallaguayiga.gob.do\/transparencia\/wp-json\/wp\/v2\/types\/page"}],"author":[{"embeddable":true,"href":"https:\/\/distritomunicipallaguayiga.gob.do\/transparencia\/wp-json\/wp\/v2\/users\/4"}],"replies":[{"embeddable":true,"href":"https:\/\/distritomunicipallaguayiga.gob.do\/transparencia\/wp-json\/wp\/v2\/comments?post=258"}],"version-history":[{"count":8,"href":"https:\/\/distritomunicipallaguayiga.gob.do\/transparencia\/wp-json\/wp\/v2\/pages\/258\/revisions"}],"predecessor-version":[{"id":1886,"href":"https:\/\/distritomunicipallaguayiga.gob.do\/transparencia\/wp-json\/wp\/v2\/pages\/258\/revisions\/1886"}],"wp:featuredmedia":[{"embeddable":true,"href":"https:\/\/distritomunicipallaguayiga.gob.do\/transparencia\/wp-json\/wp\/v2\/media\/558"}],"wp:attachment":[{"href":"https:\/\/distritomunicipallaguayiga.gob.do\/transparencia\/wp-json\/wp\/v2\/media?parent=258"}],"curies":[{"name":"wp","href":"https:\/\/api.w.org\/{rel}","templated":true}]}}