{"id":339,"date":"2018-01-22T15:11:07","date_gmt":"2018-01-22T19:11:07","guid":{"rendered":"http:\/\/distritomunicipallaguayiga.gob.do\/transparencia\/?page_id=339"},"modified":"2020-09-01T19:34:24","modified_gmt":"2020-09-01T23:34:24","slug":"como-ser-proveedor","status":"publish","type":"page","link":"https:\/\/distritomunicipallaguayiga.gob.do\/transparencia\/como-ser-proveedor\/","title":{"rendered":"\u00bfC\u00f3mo ser proveedor?"},"content":{"rendered":"<p><strong>\u00bfC\u00f3mo ser proveedor?<\/strong><\/p>\n<p>Los proveedores interesados en ofrecer bienes y servicios a la JUNTA MUNICIPAL LA GU\u00c1YIGA deben cumplir con los siguientes requisitos:<\/p>\n<ol>\n<li>Contar con el Registro de Proveedores del Estado (RPE), seg\u00fan lo establecido en el portal\u00a0<a href=\"http:\/\/comprasdominicana.gov.do\/web\/guest\/portada\">http:\/\/comprasdominicana.gov.do\/web\/guest\/portada<\/a>.<\/li>\n<li>Estar al d\u00eda en el pago de sus obligaciones fiscales.<\/li>\n<li>Depositar en el Departamento de Compras* un Portafolio de Negocios que incluya:<\/li>\n<\/ol>\n<ol>\n<li>\n<ul>\n<li>Descripci\u00f3n de la empresa<\/li>\n<li>Bienes y servicios ofrecidos<\/li>\n<li>Servicios de valor a\u00f1adido<\/li>\n<li>Experiencia en el mercado<\/li>\n<li>Referencias comerciales<\/li>\n<li>T\u00e9rminos de pago<\/li>\n<li>T\u00e9rminos de entrega<\/li>\n<\/ul>\n<\/li>\n<\/ol>\n<ol>\n<li>Participar de los procesos de las compras y contrataciones publicados a trav\u00e9s de este portal y la Direcci\u00f3n General de Contrataciones P\u00fablicas\u00a0http:\/\/comprasdominicana.gov.do\/web\/guest\/portada\u00a0y en el portal de nuestra organizaci\u00f3n gubernamental en la secci\u00f3n de transparencia.<\/li>\n<\/ol>\n","protected":false},"excerpt":{"rendered":"\u00bfC\u00f3mo ser proveedor? Los proveedores interesados en ofrecer bienes y servicios a la JUNTA MUNICIPAL LA GU\u00c1YIGA deben cumplir con los siguientes requisitos: Contar con el Registro de Proveedores del Estado (RPE), seg\u00fan lo establecido en el portal\u00a0http:\/\/comprasdominicana.gov.do\/web\/guest\/portada. Estar al d\u00eda en el pago de sus obligaciones fiscales. Depositar en el Departamento de Compras* un&#8230;","protected":false},"author":4,"featured_media":0,"parent":0,"menu_order":0,"comment_status":"closed","ping_status":"closed","template":"","meta":[],"acf":[],"_links":{"self":[{"href":"https:\/\/distritomunicipallaguayiga.gob.do\/transparencia\/wp-json\/wp\/v2\/pages\/339"}],"collection":[{"href":"https:\/\/distritomunicipallaguayiga.gob.do\/transparencia\/wp-json\/wp\/v2\/pages"}],"about":[{"href":"https:\/\/distritomunicipallaguayiga.gob.do\/transparencia\/wp-json\/wp\/v2\/types\/page"}],"author":[{"embeddable":true,"href":"https:\/\/distritomunicipallaguayiga.gob.do\/transparencia\/wp-json\/wp\/v2\/users\/4"}],"replies":[{"embeddable":true,"href":"https:\/\/distritomunicipallaguayiga.gob.do\/transparencia\/wp-json\/wp\/v2\/comments?post=339"}],"version-history":[{"count":2,"href":"https:\/\/distritomunicipallaguayiga.gob.do\/transparencia\/wp-json\/wp\/v2\/pages\/339\/revisions"}],"predecessor-version":[{"id":378,"href":"https:\/\/distritomunicipallaguayiga.gob.do\/transparencia\/wp-json\/wp\/v2\/pages\/339\/revisions\/378"}],"wp:attachment":[{"href":"https:\/\/distritomunicipallaguayiga.gob.do\/transparencia\/wp-json\/wp\/v2\/media?parent=339"}],"curies":[{"name":"wp","href":"https:\/\/api.w.org\/{rel}","templated":true}]}}